{"id":22,"date":"2026-01-26T16:02:52","date_gmt":"2026-01-26T16:02:52","guid":{"rendered":"https:\/\/lahdemaa.fi\/?page_id=22"},"modified":"2026-01-27T13:51:42","modified_gmt":"2026-01-27T13:51:42","slug":"etusivu","status":"publish","type":"page","link":"https:\/\/lahdemaa.fi\/","title":{"rendered":"etusivu"},"content":{"rendered":"\n<div class=\"wp-block-columns is-layout-flex wp-container-core-columns-is-layout-9d6595d7 wp-block-columns-is-layout-flex\">\n<div class=\"wp-block-column is-layout-flow wp-block-column-is-layout-flow\" style=\"flex-basis:38%\">\n<div class=\"column\">\n<a href=\"https:\/\/www.iltalehti.fi\" target=\"_blank\" rel=\"\"><img loading=\"lazy\" decoding=\"async\" style=\"border-width: 0;\" src=\"https:\/\/www.lahdemaa.fi\/wp-admin\/images\/img9.gif\" alt=\"Uutiset, urheilu, viihde, talous, s\u00e4\u00e4, el\u00e4m\u00e4ntapa, terveys, perhe, ruoka - Iltalehti.fi, kaikki tuoreet uutiset yhdest\u00e4 osoitteesta kellon ymp\u00e4ri.\" width=\"137\" height=\"32\" \/><\/a>\n<a href=\"https:\/\/www.ampparit.com\" target=\"_blank\" rel=\"\"><br \/><img loading=\"lazy\" decoding=\"async\" style=\"border-width: 0;\" src=\"https:\/\/www.lahdemaa.fi\/wp-admin\/images\/ampp.png\" alt=\"Se nopein uutistarjonta. Ampparit.com on ilmainen personoitava uutisportaali. Ampparit.com tarjoaa uutiset, s\u00e4\u00e4tiedot, netti-TV-ohjelmat ja TV-oppaan.\" width=\"137\" height=\"35\" \/><\/a>\n<a href=\"https:\/\/yle.fi\/uutiset\/\" target=\"_blank\" rel=\"\"><br \/><img loading=\"lazy\" decoding=\"async\" style=\"border-width: 0;\" src=\"https:\/\/www.lahdemaa.fi\/wp-admin\/images\/ylee.png\" alt=\"Yle Uutiset on vuonna 2007 toimintansa aloittanut Yleisradion valtakunnallisen uutistoiminnan yksikk\u00f6, joka tuottaa kaikki Ylen uutiset televisioon, radioon, verkkoon ja muihinkin v\u00e4lineisiin.\" width=\"137\" height=\"48\" \/><\/a>\n<a href=\"https:\/\/www.facebook.com\" target=\"_blank\" rel=\"noopener noreferrer\"><br \/><img loading=\"lazy\" decoding=\"async\" style=\"border-width: 0;\" src=\"https:\/\/www.lahdemaa.fi\/wp-admin\/images\/face.png\" alt=\"Facebook on yhteis\u00f6llinen sovellus, joka tuo yhteen ty\u00f6paikalta, koulusta ja vapaa-ajalta tutut kaverit.\" width=\"137\" height=\"37\" \/><\/a>\n<a href=\"https:\/\/www.instagram.com\/\" target=\"_blank\" rel=\"noopener noreferrer\"><br \/><img loading=\"lazy\" decoding=\"async\" style=\"border-width: 0;\" src=\"https:\/\/www.lahdemaa.fi\/wp-admin\/images\/insta.png\" alt=\"Instan web versio\" width=\"128\" height=\"44\" \/><\/a><br \/>\n<a href=\"https:\/\/web.whatsapp.com\/\" target=\"_blank\" rel=\"noopener noreferrer\"><img loading=\"lazy\" decoding=\"async\" style=\"border-width: 0;\" src=\"https:\/\/www.lahdemaa.fi\/wp-admin\/images\/whats.png\" alt=\"Quickly send and receive WhatsApp messages right from your computer.\" width=\"137\" height=\"40\" \/><br \/><\/a>\n<a href=\"https:\/\/www.iltasanomat.fi\/\" target=\"_blank\" rel=\"noopener noreferrer\"><img loading=\"lazy\" decoding=\"async\" style=\"border-width: 0;\" src=\"https:\/\/www.lahdemaa.fi\/wp-admin\/images\/iltsan.png\" alt=\"\" width=\"137\" height=\"34\" \/><\/a>\n<a href=\"https:\/\/www.youtube.com\/\" target=\"_blank\" rel=\"noopener noreferrer\"><br \/><img loading=\"lazy\" decoding=\"async\" style=\"border-width: 0;\" src=\"https:\/\/www.lahdemaa.fi\/wp-admin\/images\/yout.png\" alt=\"\" width=\"97\" height=\"37\" \/> <\/a>\n<a href=\"https:\/\/www.netflix.com\" target=\"_blank\" rel=\"noopener noreferrer\"><br \/><img loading=\"lazy\" decoding=\"async\" style=\"border-width: 0;\" src=\"https:\/\/www.lahdemaa.fi\/wp-admin\/images\/netflix.png\" alt=\"Katso Netflix-elokuvia ja -sarjoja tietokoneella netiss\u00e4 tai televisiosta, pelikonsolin kautta, k\u00e4nnyk\u00e4ll\u00e4, tabletilla ja monella muulla laitteella.\" width=\"140\" height=\"40\" \/><\/a>\n<a href=\"https:\/\/viaplay.fi\/\" target=\"_blank\" rel=\"noopener noreferrer\"><br \/><img loading=\"lazy\" decoding=\"async\" style=\"border-width: 0;\" src=\"https:\/\/www.lahdemaa.fi\/wp-admin\/images\/viaplay.png\" alt=\"Katso elokuvia ja seuraa suosikkiurheilulajiasi netiss\u00e4. Viaplaylla kaikki tv-sarjat ja kanavat ulottuvillasi verkossa.\" width=\"140\" height=\"46\" \/><\/a>\n<a href=\"https:\/\/fi.wikipedia.org\/wiki\/Wikipedia:Etusivu\" target=\"_blank\" rel=\"noopener noreferrer\"><br \/><img loading=\"lazy\" decoding=\"async\" style=\"border-width: 0;\" src=\"https:\/\/www.lahdemaa.fi\/wp-admin\/images\/wiki.png\" alt=\"Tervetuloa Wikipediaan, vapaaseen tietosanakirjaan.\" width=\"150\" height=\"25\" \/><\/a>\n<a href=\"https:\/\/translate.google.fi\" target=\"_blank\" rel=\"noopener noreferrer\"><br \/><img loading=\"lazy\" decoding=\"async\" style=\"border-width: 0;\" src=\"https:\/\/www.lahdemaa.fi\/wp-admin\/images\/kaantaja.png\" alt=\"\" width=\"150\" height=\"57\" \/><\/a>\n<a href=\"https:\/\/www.ytj.fi\/\" target=\"_blank\" rel=\"noopener noreferrer\"><br \/><img loading=\"lazy\" decoding=\"async\" style=\"border-width: 0;\" src=\"https:\/\/www.lahdemaa.fi\/wp-admin\/images\/yytie.png\" alt=\"\" width=\"150\" height=\"44\" \/><\/a>\n<a href=\"https:\/\/my.f-secure.com\" target=\"_blank\" rel=\"noopener noreferrer\"><br \/><img loading=\"lazy\" decoding=\"async\" style=\"border-width: 0;\" src=\"https:\/\/www.lahdemaa.fi\/wp-admin\/images\/myfsecure.png\" alt=\"\" width=\"158\" height=\"37\" \/><\/a>\n<a href=\"https:\/\/open.spotify.com\" target=\"_blank\" rel=\"noopener noreferrer\"><br \/><img loading=\"lazy\" decoding=\"async\" style=\"border-width: 0;\" src=\"https:\/\/www.lahdemaa.fi\/wp-admin\/images\/spotify.png\" alt=\"\" width=\"158\" height=\"60\" \/><\/a>\n<a href=\"https:\/\/www.radioplayer.fi\/kanavat\" target=\"_blank\" rel=\"noopener noreferrer\"><br \/><img loading=\"lazy\" decoding=\"async\" style=\"border-width: 0;\" src=\"http:\/\/www.lahdemaa.fi\/wp-admin\/images\/radiot.png\" alt=\"\" width=\"186\" height=\"56\" \/><\/a>\n\n\n\n\n\t<\/div>\n\n\n<div id=\"pl-gb22-69e4a204875f3\"  class=\"panel-layout\" ><div id=\"pg-gb22-69e4a204875f3-0\"  class=\"panel-grid panel-no-style\" ><div id=\"pgc-gb22-69e4a204875f3-0-0\"  class=\"panel-grid-cell\" ><div id=\"panel-gb22-69e4a204875f3-0-0-0\" class=\"so-panel widget widget_sow-editor panel-first-child panel-last-child\" data-index=\"0\" ><div\n\t\t\t\n\t\t\tclass=\"so-widget-sow-editor so-widget-sow-editor-base\"\n\t\t\t\n\t\t>\n<div class=\"siteorigin-widget-tinymce textwidget\">\n\t<\/div>\n<\/div><\/div><\/div><div id=\"pgc-gb22-69e4a204875f3-0-1\"  class=\"panel-grid-cell panel-grid-cell-empty panel-grid-cell-mobile-last\" ><\/div><div id=\"pgc-gb22-69e4a204875f3-0-2\"  class=\"panel-grid-cell panel-grid-cell-empty\" ><\/div><\/div><\/div><\/div>\n\n\n\n<div class=\"wp-block-column is-layout-flow wp-block-column-is-layout-flow\" style=\"flex-basis:30%\">\n<div class=\"style1\">\n\t\t\t\t<tr>\n\t\t\t\t\t\t\t\t<td>\n<form method=\"get\" action=\"https:\/\/www.startpage.com\/sp\/search\" target=\"_blank\" rel=\"\">\n\n<div class=\"style1\" style=\"border:0px dotted black;padding:4px;width:15em;\">\n<table class=\"style1\"  border=\"0\"cellpadding=\"0\">\n<tr><td style=\"height: 132px\" class=\"style1\">\n<input type=\"text\"   name=\"q\" size=\"25\" style=\"color:#BFDFFF; width: 257px; height: 41px;\"\nmaxlength=\"255\" value=\"startpage haku\"\nonfocus=\"if(this.value==this.defaultValue)this.value=''; this.style.color='black';\" onblur=\"if(this.value=='')this.value=this.defaultValue; \"\/><br \/>\n&nbsp;<input type=\"submit\" value=\"Hae!\" style=\"width: 80px; height: 45px\"\/><br \/>\n&nbsp;<a class=\"style1\" href=\"https:\/\/gemini.google.com\" target=\"_blank\" rel=\"\"><img loading=\"lazy\" decoding=\"async\" src=\"https:\/\/www.lahdemaa.fi\/wp-admin\/images\/gemini.png\" alt=\"\" width=\"123\" height=\"49\"\/><\/a><br \/>\n<a class=\"style1\"  href=\"https:\/\/copilot.microsoft.com\/\" target=\"_blank\" rel=\"\"><img loading=\"lazy\" decoding=\"async\" src=\"https:\/\/www.lahdemaa.fi\/wp-admin\/images\/copilot.png\" alt=\"\" width=\"232\" height=\"68\"\/><\/a><\/td><\/tr>\n<\/table>\n<br \/>\n<br \/>\n\n<\/div>\n\n<\/form>\n\n\n\n\n\n<form method=\"get\" action=\"https:\/\/www.google.com\/search\" target=\"_blank\" rel=\"\"> \n\t\t\t\t<div class=\"style2\">\n\t\t\t\t<input type=\"text\" name=\"q\" size=\"31\" maxlength=\"255\" value=\"Google haku\" onfocus=\"if(this.value==this.defaultValue)this.value=''; this.style.color='black';\" onblur=\"if(this.value=='')this.value=this.defaultValue; \" style=\"width: 257px; height: 41px\" \/>\n\t\t\t\t<br \/>\n\t\t\t\t<input type=\"submit\" value=\"Hae!\" style=\"width: 80px; height: 45px\" \/> \n\t\t\t\t<\/div>\n\t\t\t\t\t\t\t\t<\/form>\n<br \/>\n\n\n\n\n\n\t\t\t\t\t\t\t\t<br \/>\n\n<map id=\"FPMap1\" name=\"FPMap1\"> <area shape=\"default\" href=\"https:\/\/maps.google.fi\/maps?q=suomi&amp;hl=fi&amp;sll=50.052881,6.624229&amp;sspn=0.532587,1.234589&amp;hnear=Suomi&amp;t=m&amp;z=5\" target=\"_blank\" rel=\"\"  \/> <area coords=\"0, 0, 10000, 10000\" shape=\"rect\" href=\"https:\/\/maps.google.fi\/maps?q=suomi&amp;hl=fi&amp;sll=50.052881,6.624229&amp;sspn=0.532587,1.234589&amp;hnear=Suomi&amp;t=m&amp;z=5\" target=\"_blank\" \/><\/map>\n\t\t\t\t\t\t\t\t<img loading=\"lazy\" decoding=\"async\" src=\"https:\/\/lahdemaa.fi\/wp-admin\/images\/googlemaps.png\" alt=\"\" usemap=\"#FPMap1\" width=\"150\" height=\"48\" \/><br \/>\n\t\t\t\t\t\t\t\t<a href=\"https:\/\/fonecta.fi\" target=\"_blank\" rel=\"\">\n<br \/>\n<br \/>\n<br \/>\n<img loading=\"lazy\" decoding=\"async\" src=\"https:\/\/www.lahdemaa.fi\/wp-admin\/images\/henkilohaku.png\" alt=\"\" width=\"167\" height=\"59\" \/><\/a><br \/>\n\t\t\t\t\t\t\t\t<\/td>\n\t\t\t\t<\/tr>\n\t\t\t\t<tr>\n\t\t\t\t\t\t\t\t<td>\n\t\t\t\t\t\t\t\t&nbsp;<\/td>\n\t\t\t\t<\/tr>\n\n\t\t\t\t\t\t\t\t<\/div>\n<\/div>\n\n\n\n<div class=\"wp-block-column is-layout-flow wp-block-column-is-layout-flow\" style=\"flex-basis:33.33%\">\n<table cellspacing=\"0\" cellpadding=\"0\" style=\"width: 285px; float: none\">\n\t\t\t\t<tr>\n\t\t\t\t\t\t\t\t<td><a href=\"https:\/\/ilmatieteenlaitos.fi\/saa\/eura\/honkilahti\" target=\"_blank\" rel=\"\">\n\t\t\t\t\t\t\t\t<img loading=\"lazy\" decoding=\"async\" src=\"https:\/\/cdn.fmi.fi\/weather-observations\/products\/finland\/frontpage_wx_obs-latest.png\" alt=\"\" width=\"285\" height=\"412\" \/><\/a><br \/>\n\t\t\t\t\t\t\t\t<a target=\"_blank\" href=\"http:\/\/ilmatieteenlaitos.fi\/saa\/eura\/honkilahti\">Ilmatieteen laitos s\u00e4\u00e4kartta<\/a><\/td>\n\n\n\t\t\t\t<\/tr>\n<\/table>\n<a href=\"https:\/\/www.fingrid.fi\/-\/custom\/sahkojarjestelman-tila-169\/\" target=\"_blank\" rel=\"noopener noreferrer\"><br \/><img loading=\"lazy\" decoding=\"async\" style=\"border-width: 0;\" src=\"https:\/\/www.lahdemaa.fi\/wp-admin\/images\/fingrid.png\" alt=\"\" width=\"180\" height=\"45\" \/><\/a>\n<\/div>\n<\/div>\n","protected":false},"excerpt":{"rendered":"<p>&nbsp; &nbsp; &nbsp; Ilmatieteen laitos s\u00e4\u00e4kartta<\/p>\n","protected":false},"author":1,"featured_media":0,"parent":0,"menu_order":0,"comment_status":"closed","ping_status":"closed","template":"full-width-page.php","meta":{"footnotes":""},"class_list":["post-22","page","type-page","status-publish","hentry"],"_links":{"self":[{"href":"https:\/\/lahdemaa.fi\/index.php\/wp-json\/wp\/v2\/pages\/22","targetHints":{"allow":["GET"]}}],"collection":[{"href":"https:\/\/lahdemaa.fi\/index.php\/wp-json\/wp\/v2\/pages"}],"about":[{"href":"https:\/\/lahdemaa.fi\/index.php\/wp-json\/wp\/v2\/types\/page"}],"author":[{"embeddable":true,"href":"https:\/\/lahdemaa.fi\/index.php\/wp-json\/wp\/v2\/users\/1"}],"replies":[{"embeddable":true,"href":"https:\/\/lahdemaa.fi\/index.php\/wp-json\/wp\/v2\/comments?post=22"}],"version-history":[{"count":31,"href":"https:\/\/lahdemaa.fi\/index.php\/wp-json\/wp\/v2\/pages\/22\/revisions"}],"predecessor-version":[{"id":83,"href":"https:\/\/lahdemaa.fi\/index.php\/wp-json\/wp\/v2\/pages\/22\/revisions\/83"}],"wp:attachment":[{"href":"https:\/\/lahdemaa.fi\/index.php\/wp-json\/wp\/v2\/media?parent=22"}],"curies":[{"name":"wp","href":"https:\/\/api.w.org\/{rel}","templated":true}]}}